{"id":34,"date":"2013-07-24T23:24:59","date_gmt":"2013-07-24T22:24:59","guid":{"rendered":"http:\/\/www.lhappyjazz.com\/?page_id=34"},"modified":"2026-03-11T13:46:52","modified_gmt":"2026-03-11T12:46:52","slug":"adhesion","status":"publish","type":"page","link":"https:\/\/www.lhappyjazz.com\/?page_id=34","title":{"rendered":"Adh\u00e9sion"},"content":{"rendered":"<h2>L&rsquo;adh\u00e9sion, pour quoi faire ?<\/h2>\n<p>L&rsquo;adh\u00e9sion vous permet de b\u00e9n\u00e9ficier :<\/p>\n<ul>\n<li>du <span style=\"color: #ffffff;\"><strong>tarif r\u00e9duit<\/strong><\/span> de 15\u20ac au lieu de 25\u20ac pour les concerts,<\/li>\n<li>et d&rsquo;une <strong><span style=\"color: #ffffff;\">priorit\u00e9<\/span><\/strong> de r\u00e9servation.<\/li>\n<\/ul>\n<p>L&rsquo;existence de l&rsquo;Happy Jazz d\u00e9pend en majeure partie de vos adh\u00e9sions.<\/p>\n<p><span style=\"color: #ffffff;\"><strong>Remarques :<\/strong><\/span><\/p>\n<ul>\n<li>tout le monde peut, bien s\u00fbr, assister aux \u00e9v\u00e9nements de l&rsquo;Happy Jazz. L&rsquo;adh\u00e9sion est facultative : vous payez alors vos billets au tarif plein<\/li>\n<li>prendre <span style=\"color: #ffffff;\"><strong>autant d&rsquo;adh\u00e9sions<\/strong><\/span> que de personnes souhaitant b\u00e9n\u00e9ficier du tarif r\u00e9duit de 15\u20ac<\/li>\n<\/ul>\n<h2>Les montants de l&rsquo;adh\u00e9sion<\/h2>\n<p><u>Personnes physiques<\/u><br \/>\nMembre actif +18ans : 30\u20ac<br \/>\nMembre actif -18ans : 10\u20ac<br \/>\nMembre actif bienfaiteur (cotisation de soutien) : 50\u20ac<\/p>\n<p><u>Personnes morales (entreprise, association, organisme de droit priv\u00e9)<\/u><br \/>\nMoins de 3 membres ou collaborateurs : 30\u20ac<br \/>\nDe 3 \u00e0 10 membres ou collaborateurs : 60\u20ac<br \/>\nDe plus de 10 membres ou collaborateurs : 100\u20ac<\/p>\n<p>Voir \u00e9galement la rubrique <a href=\"https:\/\/www.lhappyjazz.com\/?page_id=2041\">Partenariat<\/a><\/p>\n<h2>Comment adh\u00e9rer ?<\/h2>\n<p>Si vous le souhaitez, vous pouvez <a href=\"https:\/\/www.helloasso.com\/associations\/l-happy-jazz\/adhesions\/adhesion-individuelle-2025-2026\">adh\u00e9rer en ligne<\/a> comme le proposent plus de 400 000 associations en France qui ont choisi la plate-forme participative <a href=\"https:\/\/www.helloasso.com\" target=\"_blank\" rel=\"noopener noreferrer\">HelloAsso<\/a>. \u00c7a se passe : <a href=\"https:\/\/www.helloasso.com\/associations\/l-happy-jazz\/adhesions\/adhesion-individuelle-2025-2026\">ici<\/a><a href=\"https:\/\/www.helloasso.com\/associations\/l-happy-jazz\/paiements\/adhesion-l-happy-jazz-saison-2018-2019\">.<\/a>\u00a0Cette plate-forme, partenaire du Cr\u00e9dit Mutuel, propose un service gratuit, puisqu&rsquo;elle nous reverse le montant int\u00e9gral de votre cotisation. Vous pouvez les aider en leur laissant un pourboire :-). C&rsquo;est enti\u00e8rement s\u00e9curis\u00e9.<\/p>\n<p>Si vous ne souhaitez pas adh\u00e9rer en ligne, n&rsquo;h\u00e9sitez pas \u00e0 t\u00e9l\u00e9charger le <a href=\"https:\/\/www.lhappyjazz.com\/wp-content\/uploads\/2025\/08\/Bulletin-adhesion-2025-2026.pdf\">bulletin d&rsquo;adh\u00e9sion 2025-2026<\/a>, \u00e0 le compl\u00e9ter et \u00e0 nous l&rsquo;apporter lors de nos prochains \u00e9v\u00e9nements. Nous aurons alors le plaisir de faire votre connaissance. Vous pouvez \u00e9galement l&rsquo;envoyer, ainsi que votre ch\u00e8que d&rsquo;adh\u00e9sion, \u00e0 l&rsquo;adresse indiqu\u00e9e.<\/p>\n<p><a title=\"Nous contacter\" href=\"https:\/\/www.lhappyjazz.com\/?page_id=31\">Nous contacter<\/a><\/p>\n","protected":false},"excerpt":{"rendered":"<p>L&rsquo;adh\u00e9sion, pour quoi faire ? L&rsquo;adh\u00e9sion vous permet de b\u00e9n\u00e9ficier : du tarif r\u00e9duit de 15\u20ac au lieu de 25\u20ac pour les concerts, et d&rsquo;une priorit\u00e9 de r\u00e9servation. L&rsquo;existence de l&rsquo;Happy Jazz d\u00e9pend en majeure partie de vos adh\u00e9sions. Remarques &hellip; <a href=\"https:\/\/www.lhappyjazz.com\/?page_id=34\">Continuer la lecture <span class=\"meta-nav\">&rarr;<\/span><\/a><\/p>\n","protected":false},"author":2,"featured_media":0,"parent":0,"menu_order":45,"comment_status":"closed","ping_status":"open","template":"","meta":{"footnotes":""},"class_list":["post-34","page","type-page","status-publish","hentry"],"_links":{"self":[{"href":"https:\/\/www.lhappyjazz.com\/index.php?rest_route=\/wp\/v2\/pages\/34","targetHints":{"allow":["GET"]}}],"collection":[{"href":"https:\/\/www.lhappyjazz.com\/index.php?rest_route=\/wp\/v2\/pages"}],"about":[{"href":"https:\/\/www.lhappyjazz.com\/index.php?rest_route=\/wp\/v2\/types\/page"}],"author":[{"embeddable":true,"href":"https:\/\/www.lhappyjazz.com\/index.php?rest_route=\/wp\/v2\/users\/2"}],"replies":[{"embeddable":true,"href":"https:\/\/www.lhappyjazz.com\/index.php?rest_route=%2Fwp%2Fv2%2Fcomments&post=34"}],"version-history":[{"count":65,"href":"https:\/\/www.lhappyjazz.com\/index.php?rest_route=\/wp\/v2\/pages\/34\/revisions"}],"predecessor-version":[{"id":4375,"href":"https:\/\/www.lhappyjazz.com\/index.php?rest_route=\/wp\/v2\/pages\/34\/revisions\/4375"}],"wp:attachment":[{"href":"https:\/\/www.lhappyjazz.com\/index.php?rest_route=%2Fwp%2Fv2%2Fmedia&parent=34"}],"curies":[{"name":"wp","href":"https:\/\/api.w.org\/{rel}","templated":true}]}}