{"id":2525,"date":"2020-05-24T14:02:14","date_gmt":"2020-05-24T13:02:14","guid":{"rendered":"http:\/\/www.lhappyjazz.com\/?page_id=2525"},"modified":"2024-09-04T20:39:36","modified_gmt":"2024-09-04T19:39:36","slug":"copy-copy","status":"publish","type":"page","link":"https:\/\/www.lhappyjazz.com\/?page_id=2525","title":{"rendered":"Mentions l\u00e9gales"},"content":{"rendered":"\n<h2 class=\"wp-block-heading\">Propri\u00e9taire du site<\/h2>\n\n\n\n<p>Association L\u2019Happy Jazz<br>21 bis avenue des Lacs<br>94100 Saint-Maur-des-Foss\u00e9s<br>www.lhappyjazz.com<br>Contact : lhappyjazz@gmail.com<br><\/p>\n\n\n\n<h2 class=\"wp-block-heading\"><br>H\u00e9bergement<\/h2>\n\n\n\n<p>OVH<br>2 rue Kellermann<br>59100 Roubaix<\/p>\n\n\n\n<h2 class=\"wp-block-heading\"><br>Conditions d&rsquo;utilisation de www.lhappyjazz.com <\/h2>\n\n\n\n<p>Le site et chacun des \u00e9l\u00e9ments, y compris mais sans limitation les marques, les logos, ic\u00f4nes, infographies, photographies, documents, qui le composent sont prot\u00e9g\u00e9s au titre de la l\u00e9gislation internationale de la propri\u00e9t\u00e9 intellectuelle. Les contenus figurant sur le site sont la propri\u00e9t\u00e9 de l&rsquo;assocation l&rsquo;Happy Jazz. Toute utilisation, reproduction ou repr\u00e9sentation, par quelque proc\u00e9d\u00e9 que ce soit, et sur quelque support que ce soit, de tout ou partie du site et\/ou des \u00e9l\u00e9ments qui le composent n&rsquo;est pas autoris\u00e9e sans le consentement expresse de l&rsquo;Happy Jazz.<\/p>\n","protected":false},"excerpt":{"rendered":"<p>Propri\u00e9taire du site Association L\u2019Happy Jazz21 bis avenue des Lacs94100 Saint-Maur-des-Foss\u00e9swww.lhappyjazz.comContact : lhappyjazz@gmail.com H\u00e9bergement OVH2 rue Kellermann59100 Roubaix Conditions d&rsquo;utilisation de www.lhappyjazz.com Le site et chacun des \u00e9l\u00e9ments, y compris mais sans limitation les marques, les logos, ic\u00f4nes, infographies, photographies, &hellip; <a href=\"https:\/\/www.lhappyjazz.com\/?page_id=2525\">Continuer la lecture <span class=\"meta-nav\">&rarr;<\/span><\/a><\/p>\n","protected":false},"author":2,"featured_media":0,"parent":0,"menu_order":0,"comment_status":"closed","ping_status":"closed","template":"","meta":{"footnotes":""},"class_list":["post-2525","page","type-page","status-publish","hentry"],"_links":{"self":[{"href":"https:\/\/www.lhappyjazz.com\/index.php?rest_route=\/wp\/v2\/pages\/2525","targetHints":{"allow":["GET"]}}],"collection":[{"href":"https:\/\/www.lhappyjazz.com\/index.php?rest_route=\/wp\/v2\/pages"}],"about":[{"href":"https:\/\/www.lhappyjazz.com\/index.php?rest_route=\/wp\/v2\/types\/page"}],"author":[{"embeddable":true,"href":"https:\/\/www.lhappyjazz.com\/index.php?rest_route=\/wp\/v2\/users\/2"}],"replies":[{"embeddable":true,"href":"https:\/\/www.lhappyjazz.com\/index.php?rest_route=%2Fwp%2Fv2%2Fcomments&post=2525"}],"version-history":[{"count":7,"href":"https:\/\/www.lhappyjazz.com\/index.php?rest_route=\/wp\/v2\/pages\/2525\/revisions"}],"predecessor-version":[{"id":3885,"href":"https:\/\/www.lhappyjazz.com\/index.php?rest_route=\/wp\/v2\/pages\/2525\/revisions\/3885"}],"wp:attachment":[{"href":"https:\/\/www.lhappyjazz.com\/index.php?rest_route=%2Fwp%2Fv2%2Fmedia&parent=2525"}],"curies":[{"name":"wp","href":"https:\/\/api.w.org\/{rel}","templated":true}]}}