{"id":23,"date":"2013-07-24T23:08:53","date_gmt":"2013-07-24T22:08:53","guid":{"rendered":"http:\/\/www.lhappyjazz.com\/?page_id=23"},"modified":"2026-03-11T13:15:48","modified_gmt":"2026-03-11T12:15:48","slug":"nos-amis","status":"publish","type":"page","link":"https:\/\/www.lhappyjazz.com\/?page_id=23","title":{"rendered":"Nos amis"},"content":{"rendered":"<h2>Conseil d&rsquo;administration<\/h2>\n<p>Helmut Bunschuh<br \/>\n<a href=\"http:\/\/www.marcburonfosse.com\/\" target=\"_blank\" rel=\"nofollow noopener noreferrer\">Marc Buronfosse<\/a><br \/>\nJean-Paul Cottez<br \/>\nHubert Cropsal<br \/>\nLudovic de Preissac<br \/>\nMichel de Sarrieu<br \/>\nSamy Kerob<br \/>\nG\u00e9rard Loyer<br \/>\nGilles Portier<br \/>\n<a href=\"http:\/\/tracesmusicales.fr\" target=\"_blank\" rel=\"nofollow noopener noreferrer\">Guy Robert<\/a><\/p>\n<hr \/>\n<p>Le <a href=\"https:\/\/theatredelabbaye94.wixsite.com\/theatredelabbaye\">Th\u00e9\u00e2tre de l&rsquo;Abbaye<\/a>, qui nous fait l&rsquo;amiti\u00e9 de programmer nos concerts, et qui pr\u00e9sente une tr\u00e8s belle <a href=\"https:\/\/theatredelabbaye94.wixsite.com\/theatredelabbaye\">programmation<\/a><\/p>\n<p><a href=\"https:\/\/www.art-piano94.com\/\">Artpiano<\/a> qui nous met \u00e0 disposition ses pianos : LE sp\u00e9cialiste du Val de Marne pour la location et la vente de pianos neufs ou d&rsquo;occasion. <a href=\"https:\/\/www.art-piano94.com\/\">S\u00e9bastien M\u00e9nard<\/a> vous prodigue ses conseils avis\u00e9s dans son nouveau magasin \u00e0 Champigny.<\/p>\n<hr \/>\n<p>Christian Berthier<br \/>\nAlain Besse<br \/>\nCharles Calamel<br \/>\nG\u00e9rard Dantec<br \/>\nPhilippe G\u00e9rardin<br \/>\n<a href=\"http:\/\/www.sebastienlovato.com\/\" target=\"_blank\" rel=\"nofollow noopener noreferrer\">S\u00e9bastien Lovato<\/a><br \/>\nSophie Groussard<br \/>\nPhilippe \u00ab\u00a0Sam\u00a0\u00bb Norindr<br \/>\n<a href=\"https:\/\/sites.google.com\/site\/lhappyjazz\/nos-amis\/jas\">JAS<\/a><br \/>\nDidier Riey et Alain Ruiz, fondateurs et organisateurs de Jazz en Boucle<br \/>\nL&rsquo;association <a href=\"http:\/\/www.tendanses.fr\" target=\"_blank\" rel=\"nofollow noopener noreferrer\">TEN DANSES<\/a> avec laquelle nous avons organis\u00e9 des soir\u00e9es dansantes, particip\u00e9 au T\u00e9l\u00e9thon<\/p>\n<hr \/>\n<h2>Ils nous ont fait l&rsquo;amiti\u00e9 de jouer pour nous lors de nos \u00e9v\u00e9nements<\/h2>\n<div>Ilan Abou, Zacharie Abraham, Lynn Adib, Ludovic Allainmat, Mathias Allamane, Cutchy Almeida, Francis Arnaud, Jean-Luc Arramy, J\u00e9r\u00e9mie Arranger, Rapha\u00eble Atlan, Luiz Augusto, Alexis Avakian, Franck Avitabile, Patrick Bacqueville, Dmitry Baevsky, Antoine Banville , Daniel Barda, Leigh Barker, Eric Barret, Pascal Basile, La Belle Equipe (Thierry Descamp, Ren\u00e9 Pierre Adam, Fabien Packo, Serge Moureaux), Florian Bellecourt, Sylvain Bellegarde, Charles Bellonzi, Mourad Benhamou, Robyn Bennett, Simon Bernier, Pierre Bertrand, Bertrand Beruard, Michel Bescont, Sylvain Beuf, Bertrand Bilon, Stephen Binet, Jean-Louis Bisson, Pascal Bivalski, Benjamin Blakstone, Cl\u00e9ment Blumen, Lionel Boccarra, Patrick Bocquel, Bojan Z, Marc Bollengier, Michel Bonnet, Andr\u00e9 Bonnin, Jean-Philippe Bordier, Bernard Bosset, Jo\u00ebl Bouquet, Vincent Bourgeyx, Jon Bouteillier, Albert Bover, Thomas Bramerie, Christophe Bras, Philippe Brassoud, Christian Brenner, Eric Breton, Bastien Brison, Romain Brizemur, Yves Brouqui, Christian Brun, Jeremy Bruyere, Marc Buronfosse, Patrick Cabon, Olivier Cahours, Cedric Caillaud, Emilie Calm\u00e9, Pablo Campos, Federico Casagrande, Anne Carleton, Jean-Louis Carlotti, Isabelle Carpentier, Gerard Carocci, Liuz Augusto Cavani, Sarah Carso, Martin Cazals, Philippe Chagne, St\u00e9phane Chandelier, Fr\u00e9d\u00e9ric Chapperon, Jean-Michel Charbonnel, Andr\u00e9 Charlier, Mathieu Ch\u00e2telain, Alain Chaudron, G\u00e9rald Chauvin, Matthieu Chazarenc, R\u00e9mi Chemla, Michael Cheret, Esa\u00efe Cid, Francesco Ciniglio, Sharon Clark, Sylvain Clavier, St\u00e9phane Colin, Cordes Sensibles, Germain Cornet, Julien Coriatt, Michel Costandi, Michel Crichton, Hubert Cropsal, El Cuchy, M\u00e9lanie Dahan, Sienna Dahlen, Cl\u00e9ment Daldosso, G\u00e9rard Dantec, Nicolas Dary, Pierre de Bethmann, Etienne D\u00e9confin, Denis Decoster, Ma\u00eb Defays, Olivier Defays , Michel Delakian, Sylvain Del Campo, Fabio Deldongo, Fr\u00e9d\u00e9ric Delestr\u00e9, Beno\u00eet de Mesmay, Laurent Demeyere, Jean-Pierre Derouard, Thomas Derouineau, Sylvain Designe, Luc Desroy, Natalie Dessay, Rapha\u00ebl Dever, Manu Di Bango, Xavier Dor\u00e9, Didier Dorise, Dany Doriz, Alain Douieb, Benjamin Dousteyssier, Andrex Downing, Nicolas Dri, Philippe Duchemin, Beno\u00eet Dunoyer de Segonzac, Christian Duperray, Diane Dupuis, Eric Echampard, Lionel Eskenazi, Fady Farah, Thierry Faure, Luca Fattorini, S\u00e9bastien Fauqu\u00e8, Fr\u00e9d\u00e9ric Favarel, Fabrizio Fenoglietto, Philippe Figueira, Guilhem Flouzat , Didier Forget, Vincent Frade, Laurent Fradelizi, Pierre Frasque, Fran\u00e7ois Fuchs, Florent Gac, Ramon Galan, Mauro Gargano, Gautier Garrigue, Viktorija Ge\u010dyt\u0117, Larry Gillespie, Alex Gilson, S\u00e9bastien Girardot, Sylvain Glevarec, Dexter Goldberg, Miguel Gomez, Thomas Gomez, Sylvain Gontard, Camille Granger, Luigi Grasso, David Grebil, C\u00e9cile Grenier, Rocky Gresset, Laurent Guanzini, Didier Guazzo, Etienne Gu\u00e9reau, Pierre Guicqu\u00e9ro, St\u00e9phane Guillaume, Marie-V\u00e9ronique Guilmont, St\u00e9phane Guillaume, Ahmet G\u00fclbay, Jeremy Hababou, Dano Haider, Alexandre Herer, Valery Haumont, Baptiste Herbin, Allen Hoist, Fran\u00e7ois Homps, Ga\u00ebl Horellou, Ramona Horvath, Samuel Hubert, Olivier Hutman, Thomas Ibanez, Bjorn Ingelstam, Luc Isenmann, Didier Ithursarry, Martin Jacobsen, Karl Jannuska, Lionel Jaureguy, Alain Jean-Marie, Juan Sebastien Jimenez, Michael Joussein, Denis Jusseaume, Hidehiko Kan, Laurent Katz, Jean-Claude Keba\u00efli, Donald Kontomanou, Gueorgui Kornazov, Nicolas Kummert, Jean-Marie Lagache, Julien Lallier, Olivier Lancelot, Bao Lao, Fran\u00e7ois Laudet, Sara Lazarus, Vinh L\u00ea, Patricia Lebeugle, Arnaud Lechantre, Christophe Le Fischer, Eric Legnini, Philippe Lejeune, Manu Le Prince, Dominique Lemerle, Hugo Lippi, Laura Littardi, Fr\u00e9d\u00e9ric Loiseau, Emmanuel Lombard, Jean-Luc Lopez, S\u00e9bastien Lovato, Jean-Marie Machado, Patrick Madaran, Samuel Maingaud, Pierre Maingourd, Joe Magnarelli, Siegfried Mandon, Philippe Maniez, Manuel Marches, Fabien Marcoz, Alain Marquet, Laurent Marode, Valentin Martel, Yves Martin, Guillaume Marthouret, Guillaume Martign\u00e9, Christian Martinez, Fabien Mary, Fran\u00e7ois Masse, Sylvain Massicard, Max Mastella, Laurent Maur, Louis Mazetier, Malo Mazuri\u00e9, Serge Merlaud, Philippe Merville, Philippe Milanta, Giovanni Mirabassi, Andrea Michelutti, Adrien Moignard, Philippe Monge, Nicolas Montier, Bruno Morange, Gwenola Morin, Fabrice Moreau, Paul Morvan, China Moses, Benjamin Moussay, Pascal Mucci, Hiroshi Murayama, Yves Nahon, Mathieu Najean, Fred Nardin, Gilles Naturel, Guillaume Naud, Andreas Neubauer, Fabricio Nicolas, Florin Niculescu, Mattias Nilsson, Duylinh NGuyen, Viktor Nyberg, Fred Oddou, Serge Ollivier, Jean-Claude Onesta, Ichiro Ono\u00e9, Antoine Paganotti, Renaud Palisseaux, Rapha\u00ebl Pannier, Fabienne Pariente, Elodie Pasquier, Michel Pastre, C\u00e9sar Pastre, David Patrois, Stefan Patry, David Paycha, Pierrick P\u00e9dron, \u00c9douard Pennes, Fran\u00e7ois Penot, Pierre Perchaud, Christelle Pereira, Guillaume Perret, Philippe Petit, David Picard, Romain Pilon, Pierre Laurent Pinat, Sylvestre Planchais, C\u00e9sar Poirier, Fernand Polier, Andreas Polyzogopoulos, G\u00e9raud Portal, Richard Portier, David Pouradier Duteil, Pier Paolo Pozzi, Camille Prenant, Gregory Privat, Puissance Jazz Big Band, Jean Fran\u00e7ois Quellec, Ella Rabeson, Tony Rabeson, Nicolas Rageau, Richard Razaf , Gilles R\u00e9a, Jean-Pierre Rebillard, Cecil L. Recchia, Bernd Reiter, Johan Renard, Gilles Renne, Walter Ricci, Arnaud Richard, Ga\u00ebl Richard, Jean-Charles Richard, Didier Riey, Philippe Rinino, Olivier Rivaux, Olivier Robin, Manuel Rocheman, St\u00e9phane Roger, Michel Rosciglione, Sylvain Romano, Didier Roullin, Yves Roux, Fabien Ruiz, Nicola Sabato, Romain Sarron, Juan Saubidet, David Sauzay, Gabriel Sauzay, Katia Schiavone, Didier Schmitz, Jacques Schneck, Bruno Schorp, Rhoda Scott, Gilles Seemann, Patricia Setbon, St\u00e9phane S\u00e9va, G\u00e9rard Siffert, Michel Simonneau, Guillaume Singer, Philippe Slominski, Philippe Soirat, Sylvain Sourdeix, Beno\u00eet Sourisse, Grant Stewart, Matyas Szandai, Claire Ta\u00efb, Thierry Tardieu, Jacky Terrasson, Alex Terrier, Michel Terrioux, Annie Terramorsi, David Texier, S\u00e9bastien Texier, Marc Thomas, Nicolas Thomas, Fran\u00e7ois Thuillier, Claude Tissendier, F\u00e9lix Jorge Toca Ibanez, Thierry Tocanne, R\u00e9mi Toulon, Cl\u00e9ment Trimouille, Antonio Tritta, Baptiste Trotignon, Fr\u00e9d\u00e9ric Truet, Richard Turegano, Michel Van Der Esch, Pieter Van Der Linden, Ben Van Hille, Damien Varaillon, Thierry Vaton, Jesus Vega, Jacques Vidal, R\u00e9mi Vignolo, Patrick Villanueva, Simon Ville, Andr\u00e9 Vill\u00e9ger, Martin Wangerm\u00e9e, Charlotte Wassy, Andr\u00e9 Wei\u00df, Catia Werneck, WJC Big Band (Yann Lupu, Julien Matrot, Florent Hinschberger, Brice Moscardini, Jeff Quellec, Fran\u00e7ois Morin, Nelson Da Silva, Ad\u00e9la\u00efde Songeons, Olivier Defays, Patrick Bocquel, Eric Breton, Olivier Blanchard, Maxime Berton, Laurent Katz, Benoit Dunoyer de Segonzac, Martin Cazals, Larry Gillespie), Olivier Zanot, Bojan Z, Yoni Zelnick, Zoot Collectif<\/div>\n<div><\/div>\n","protected":false},"excerpt":{"rendered":"<p>Conseil d&rsquo;administration Helmut Bunschuh Marc Buronfosse Jean-Paul Cottez Hubert Cropsal Ludovic de Preissac Michel de Sarrieu Samy Kerob G\u00e9rard Loyer Gilles Portier Guy Robert Le Th\u00e9\u00e2tre de l&rsquo;Abbaye, qui nous fait l&rsquo;amiti\u00e9 de programmer nos concerts, et qui pr\u00e9sente une &hellip; <a href=\"https:\/\/www.lhappyjazz.com\/?page_id=23\">Continuer la lecture <span class=\"meta-nav\">&rarr;<\/span><\/a><\/p>\n","protected":false},"author":2,"featured_media":0,"parent":0,"menu_order":4,"comment_status":"closed","ping_status":"closed","template":"","meta":{"footnotes":""},"class_list":["post-23","page","type-page","status-publish","hentry"],"_links":{"self":[{"href":"https:\/\/www.lhappyjazz.com\/index.php?rest_route=\/wp\/v2\/pages\/23","targetHints":{"allow":["GET"]}}],"collection":[{"href":"https:\/\/www.lhappyjazz.com\/index.php?rest_route=\/wp\/v2\/pages"}],"about":[{"href":"https:\/\/www.lhappyjazz.com\/index.php?rest_route=\/wp\/v2\/types\/page"}],"author":[{"embeddable":true,"href":"https:\/\/www.lhappyjazz.com\/index.php?rest_route=\/wp\/v2\/users\/2"}],"replies":[{"embeddable":true,"href":"https:\/\/www.lhappyjazz.com\/index.php?rest_route=%2Fwp%2Fv2%2Fcomments&post=23"}],"version-history":[{"count":52,"href":"https:\/\/www.lhappyjazz.com\/index.php?rest_route=\/wp\/v2\/pages\/23\/revisions"}],"predecessor-version":[{"id":4374,"href":"https:\/\/www.lhappyjazz.com\/index.php?rest_route=\/wp\/v2\/pages\/23\/revisions\/4374"}],"wp:attachment":[{"href":"https:\/\/www.lhappyjazz.com\/index.php?rest_route=%2Fwp%2Fv2%2Fmedia&parent=23"}],"curies":[{"name":"wp","href":"https:\/\/api.w.org\/{rel}","templated":true}]}}