{"id":2106,"date":"2019-11-26T23:55:42","date_gmt":"2019-11-26T22:55:42","guid":{"rendered":"http:\/\/www.lhappyjazz.com\/?page_id=2106"},"modified":"2026-03-03T22:57:38","modified_gmt":"2026-03-03T21:57:38","slug":"reservations","status":"publish","type":"page","link":"https:\/\/www.lhappyjazz.com\/?page_id=2106","title":{"rendered":"R\u00e9servations"},"content":{"rendered":"<p><span style=\"color: #ffffff;\"><strong>Concert : Tribute to Oscar Peterson<\/strong><\/span><br \/>vendredi 13 mars 2026 &#8211; 20h30<br \/>Th\u00e9\u00e2tre de l&rsquo;Abbaye &#8211; 10a Quai Beaubourg &#8211; Saint-Maur<br \/><a href=\"https:\/\/www.helloasso.com\/associations\/l-happy-jazz\/evenements\/concerts-mensuels-de-l-happy-jazz-tribute-to-oscar-peterson\">R\u00e9server<\/a><\/p>\n<p><span style=\"color: #ffffff;\"><strong>Concert : Da\u00efsuke Kato Trio<\/strong><\/span><br \/>vendredi 24 avril 2026 &#8211; 20h30<br \/>Th\u00e9\u00e2tre de l&rsquo;Abbaye &#8211; 10a Quai Beaubourg &#8211; Saint-Maur<br \/><a href=\"https:\/\/www.helloasso.com\/associations\/l-happy-jazz\/evenements\/concerts-mensuels-de-l-happy-jazz-daisuke-kato-trio\">R\u00e9server<\/a><\/p>\n<p><span style=\"color: #ffffff;\"><strong>Concert : Sidney Rodrigues Trio<\/strong><\/span><br \/>vendredi 15 mai 2026 &#8211; 20h30<br \/>Th\u00e9\u00e2tre de l&rsquo;Abbaye &#8211; 10a Quai Beaubourg &#8211; Saint-Maur<br \/><a href=\"https:\/\/www.helloasso.com\/associations\/l-happy-jazz\/evenements\/concerts-mensuels-de-l-happy-jazz-sidney-rodrigues-trio\">R\u00e9server<\/a><\/p>\n<p><span style=\"color: #ffffff;\"><strong>Concert : Pablo Campos Quintet<\/strong><\/span><br \/>vendredi 19 juin 2026 &#8211; 20h30<br \/>Th\u00e9\u00e2tre de l&rsquo;Abbaye &#8211; 10a Quai Beaubourg &#8211; Saint-Maur<br \/><a href=\"https:\/\/www.helloasso.com\/associations\/l-happy-jazz\/evenements\/concerts-mensuels-de-l-happy-jazz-pablo-campos-quintet\">R\u00e9server<\/a><\/p>\n\n\n<p><\/p>\n","protected":false},"excerpt":{"rendered":"<p>Concert : Tribute to Oscar Petersonvendredi 13 mars 2026 &#8211; 20h30Th\u00e9\u00e2tre de l&rsquo;Abbaye &#8211; 10a Quai Beaubourg &#8211; Saint-MaurR\u00e9server Concert : Da\u00efsuke Kato Triovendredi 24 avril 2026 &#8211; 20h30Th\u00e9\u00e2tre de l&rsquo;Abbaye &#8211; 10a Quai Beaubourg &#8211; Saint-MaurR\u00e9server Concert : Sidney &hellip; <a href=\"https:\/\/www.lhappyjazz.com\/?page_id=2106\">Continuer la lecture <span class=\"meta-nav\">&rarr;<\/span><\/a><\/p>\n","protected":false},"author":2,"featured_media":0,"parent":0,"menu_order":0,"comment_status":"closed","ping_status":"closed","template":"","meta":{"footnotes":""},"class_list":["post-2106","page","type-page","status-publish","hentry"],"_links":{"self":[{"href":"https:\/\/www.lhappyjazz.com\/index.php?rest_route=\/wp\/v2\/pages\/2106","targetHints":{"allow":["GET"]}}],"collection":[{"href":"https:\/\/www.lhappyjazz.com\/index.php?rest_route=\/wp\/v2\/pages"}],"about":[{"href":"https:\/\/www.lhappyjazz.com\/index.php?rest_route=\/wp\/v2\/types\/page"}],"author":[{"embeddable":true,"href":"https:\/\/www.lhappyjazz.com\/index.php?rest_route=\/wp\/v2\/users\/2"}],"replies":[{"embeddable":true,"href":"https:\/\/www.lhappyjazz.com\/index.php?rest_route=%2Fwp%2Fv2%2Fcomments&post=2106"}],"version-history":[{"count":92,"href":"https:\/\/www.lhappyjazz.com\/index.php?rest_route=\/wp\/v2\/pages\/2106\/revisions"}],"predecessor-version":[{"id":4368,"href":"https:\/\/www.lhappyjazz.com\/index.php?rest_route=\/wp\/v2\/pages\/2106\/revisions\/4368"}],"wp:attachment":[{"href":"https:\/\/www.lhappyjazz.com\/index.php?rest_route=%2Fwp%2Fv2%2Fmedia&parent=2106"}],"curies":[{"name":"wp","href":"https:\/\/api.w.org\/{rel}","templated":true}]}}