{"id":20,"date":"2013-07-24T23:05:21","date_gmt":"2013-07-24T22:05:21","guid":{"rendered":"http:\/\/www.lhappyjazz.com\/?page_id=20"},"modified":"2025-10-12T13:51:18","modified_gmt":"2025-10-12T12:51:18","slug":"nos-lieux","status":"publish","type":"page","link":"https:\/\/www.lhappyjazz.com\/?page_id=20","title":{"rendered":"Nos lieux"},"content":{"rendered":"<p><span style=\"color: #ff8f00;\"><strong>LE CAFE DE PARIS<\/strong><\/span><br \/>81 avenue du Bac<br \/>94100 Saint-Maur-des-Foss\u00e9s<br \/>Tel : 01 48 83 10 63 (r\u00e9servation pour assister \u00e0 la jam fortement conseill\u00e9e)<\/p>\n<p><span style=\"color: #ff8f00;\"><strong>THEATRE DE L&rsquo;ABBAYE<\/strong><\/span><br \/>10a Quai Beaubourg<br \/>94100 Saint-Maur-des-Foss\u00e9s<br \/>Tel : 01 55 12 11 80<\/p>\n\n\n<figure class=\"wp-block-image size-large\"><a href=\"https:\/\/www.lhappyjazz.com\/wp-content\/uploads\/2025\/10\/Plan-acces-1.jpg\"><img loading=\"lazy\" decoding=\"async\" width=\"1024\" height=\"721\" src=\"https:\/\/www.lhappyjazz.com\/wp-content\/uploads\/2025\/10\/Plan-acces-1-1024x721.jpg\" alt=\"\" class=\"wp-image-4229\" srcset=\"https:\/\/www.lhappyjazz.com\/wp-content\/uploads\/2025\/10\/Plan-acces-1-1024x721.jpg 1024w, https:\/\/www.lhappyjazz.com\/wp-content\/uploads\/2025\/10\/Plan-acces-1-300x211.jpg 300w, https:\/\/www.lhappyjazz.com\/wp-content\/uploads\/2025\/10\/Plan-acces-1-768x541.jpg 768w, https:\/\/www.lhappyjazz.com\/wp-content\/uploads\/2025\/10\/Plan-acces-1-426x300.jpg 426w, https:\/\/www.lhappyjazz.com\/wp-content\/uploads\/2025\/10\/Plan-acces-1.jpg 1427w\" sizes=\"auto, (max-width: 1024px) 100vw, 1024px\" \/><\/a><figcaption class=\"wp-element-caption\">Plan d&rsquo;acc\u00e8s au Th\u00e9\u00e2tre de l&rsquo;Abbaye<\/figcaption><\/figure>\n\n\n<p><span style=\"color: #ff8f00;\"><strong>VILLA MEDICIS (Lundis Musicaux)<\/strong><\/span><br \/>5 rue Saint-Hilaire<br \/>94210 La Varenne Saint-Hilaire<\/p>","protected":false},"excerpt":{"rendered":"<p>LE CAFE DE PARIS81 avenue du Bac94100 Saint-Maur-des-Foss\u00e9sTel : 01 48 83 10 63 (r\u00e9servation pour assister \u00e0 la jam fortement conseill\u00e9e) THEATRE DE L&rsquo;ABBAYE10a Quai Beaubourg94100 Saint-Maur-des-Foss\u00e9sTel : 01 55 12 11 80 VILLA MEDICIS (Lundis Musicaux)5 rue Saint-Hilaire94210 &hellip; <a href=\"https:\/\/www.lhappyjazz.com\/?page_id=20\">Continuer la lecture <span class=\"meta-nav\">&rarr;<\/span><\/a><\/p>\n","protected":false},"author":2,"featured_media":0,"parent":0,"menu_order":3,"comment_status":"closed","ping_status":"closed","template":"","meta":{"footnotes":""},"class_list":["post-20","page","type-page","status-publish","hentry"],"_links":{"self":[{"href":"https:\/\/www.lhappyjazz.com\/index.php?rest_route=\/wp\/v2\/pages\/20","targetHints":{"allow":["GET"]}}],"collection":[{"href":"https:\/\/www.lhappyjazz.com\/index.php?rest_route=\/wp\/v2\/pages"}],"about":[{"href":"https:\/\/www.lhappyjazz.com\/index.php?rest_route=\/wp\/v2\/types\/page"}],"author":[{"embeddable":true,"href":"https:\/\/www.lhappyjazz.com\/index.php?rest_route=\/wp\/v2\/users\/2"}],"replies":[{"embeddable":true,"href":"https:\/\/www.lhappyjazz.com\/index.php?rest_route=%2Fwp%2Fv2%2Fcomments&post=20"}],"version-history":[{"count":26,"href":"https:\/\/www.lhappyjazz.com\/index.php?rest_route=\/wp\/v2\/pages\/20\/revisions"}],"predecessor-version":[{"id":4230,"href":"https:\/\/www.lhappyjazz.com\/index.php?rest_route=\/wp\/v2\/pages\/20\/revisions\/4230"}],"wp:attachment":[{"href":"https:\/\/www.lhappyjazz.com\/index.php?rest_route=%2Fwp%2Fv2%2Fmedia&parent=20"}],"curies":[{"name":"wp","href":"https:\/\/api.w.org\/{rel}","templated":true}]}}