{"id":17,"date":"2013-07-24T22:34:30","date_gmt":"2013-07-24T21:34:30","guid":{"rendered":"http:\/\/www.lhappyjazz.com\/?page_id=17"},"modified":"2024-09-04T20:48:45","modified_gmt":"2024-09-04T19:48:45","slug":"qui-sommes-nous","status":"publish","type":"page","link":"https:\/\/www.lhappyjazz.com\/?page_id=17","title":{"rendered":"Qui sommes-nous ?"},"content":{"rendered":"<p>L\u2019Happy Jazz vous propose 2 \u00e9v\u00e9nements jazzistiques par mois \u00e0 Saint-Maur : un concert et une jam. La jam a lieu le premier samedi du mois au <a href=\"https:\/\/www.lhappyjazz.com\/?page_id=20\">Caf\u00e9 de Paris<\/a>, le concert le 3\u00e8me vendredi au <a href=\"https:\/\/www.lhappyjazz.com\/?page_id=20\">Th\u00e9\u00e2tre de l&rsquo;Abbaye<\/a>, sauf exception.<\/p>\n<hr \/>\n<h2>L&rsquo;Association<\/h2>\n<p>Association loi 1901<br \/>\nlhappyjazz@gmail.com<br \/>\nwww.lhappyjazz.com<br \/>\n<a title=\"Adh\u00e9sion\" href=\"https:\/\/www.lhappyjazz.com\/?page_id=34\" target=\"_blank\" rel=\"noopener\">Pourquoi et comment adh\u00e9rer ?<\/a><br \/>\n<a title=\"Nous contacter\" href=\"https:\/\/www.lhappyjazz.com\/?page_id=31\" target=\"_blank\" rel=\"noopener\">Nous contacter<\/a><\/p>\n<h2>Le Mot de Ludovic de Preissac \u00e0 la fondation en 2008 &#8230;<\/h2>\n<p>\u00a0\u00bb Une id\u00e9e qui sommeille depuis longtemps, des exemples v\u00e9cus d\u2019associations qui organisent des concerts dans lesquels j\u2019ai souvent jou\u00e9, l\u2019\u00e9nergie et la comp\u00e9tence de tous les b\u00e9n\u00e9voles pour soutenir cette d\u00e9marche (qu\u2019ils soient musiciens amateurs ou professionnels, m\u00e9lomanes et souvent amis), bref, les bonnes raisons de s\u2019y \u00ab coller \u00bb ne manquent pas : juste l\u2019\u00e9nergie, une envie commune et un lieu appropri\u00e9. L\u2019association \u00ab l\u2019Happy Jazz \u00bb est n\u00e9e gr\u00e2ce \u00e0 tout cela et \u00e0 la complicit\u00e9 de deux autres pianistes de jazz et amis de longue date. Son but : organiser et promouvoir des concerts, des jam-sessions, des \u00e9v\u00e9nements culturels autour du jazz, bas\u00e9s sur l\u2019\u00e9change et la convivialit\u00e9. Les musiciens seront les premiers \u00ab moteurs \u00bb de cette association.<br \/>\nLe bureau (2008) : il est compos\u00e9, pour l\u2019instant, de 3 pianistes, amis de longue date, qui partagent la m\u00eame passion du piano et du jazz et qui, par chance, habitent la m\u00eame ville, ce qui facilite bien les \u00e9changes ! Il va de soi que tous les musiciens de jazz du Val-de-Marne (et d\u2019ailleurs \u2026) sont les bienvenus pour soutenir cette d\u00e9marche.<br \/>\nLe lieu : n\u00e9e dans le quartier de La Pie (L\u2019Happy\u2026) \u00e0 Saint-Maur-des-Foss\u00e9s (94), l&rsquo;association organise maintenant ses rendez-vous musicaux mensuels \u00e0 la brasserie\u00a0A Tout Va Bien (NDLR : en 2008 &#8230;)<br \/>\nLes concerts et jam-sessions : 2 fois par mois avec, en alternance, les 1er vendredis une jam-session ouverte \u00e0 tous les musiciens, mais \u00ab encadr\u00e9e \u00bb par une rythmique professionnelle, et les 3\u00e8me vendredis, un concert avec un groupe constitu\u00e9. Les manifestations commencent \u00e0 20h30 sous forme de deux sets pour les concerts et 3 sets pour les jam-sessions. L&rsquo;entr\u00e9e est gratuite pour les jam sessions et les concerts sont \u00e0 20 \u20ac l\u2019entr\u00e9e, 10 \u20ac pour les adh\u00e9rents, musiciens, \u00e9tudiants , ch\u00f4meurs, &#8211; de 12 ans. La partie musicale n\u2019exc\u00e8de pas minuit afin de faciliter le retour de chacun et la complaisance du voisinage.\u00a0\u00bb<br \/>\nNDLR : texte \u00e9crit en 2008 &#8230; les conditions et les lieux ont chang\u00e9 \ud83d\ude42 !<\/p>\n","protected":false},"excerpt":{"rendered":"<p>L\u2019Happy Jazz vous propose 2 \u00e9v\u00e9nements jazzistiques par mois \u00e0 Saint-Maur : un concert et une jam. La jam a lieu le premier samedi du mois au Caf\u00e9 de Paris, le concert le 3\u00e8me vendredi au Th\u00e9\u00e2tre de l&rsquo;Abbaye, sauf &hellip; <a href=\"https:\/\/www.lhappyjazz.com\/?page_id=17\">Continuer la lecture <span class=\"meta-nav\">&rarr;<\/span><\/a><\/p>\n","protected":false},"author":2,"featured_media":0,"parent":0,"menu_order":2,"comment_status":"closed","ping_status":"open","template":"","meta":{"footnotes":""},"class_list":["post-17","page","type-page","status-publish","hentry"],"_links":{"self":[{"href":"https:\/\/www.lhappyjazz.com\/index.php?rest_route=\/wp\/v2\/pages\/17","targetHints":{"allow":["GET"]}}],"collection":[{"href":"https:\/\/www.lhappyjazz.com\/index.php?rest_route=\/wp\/v2\/pages"}],"about":[{"href":"https:\/\/www.lhappyjazz.com\/index.php?rest_route=\/wp\/v2\/types\/page"}],"author":[{"embeddable":true,"href":"https:\/\/www.lhappyjazz.com\/index.php?rest_route=\/wp\/v2\/users\/2"}],"replies":[{"embeddable":true,"href":"https:\/\/www.lhappyjazz.com\/index.php?rest_route=%2Fwp%2Fv2%2Fcomments&post=17"}],"version-history":[{"count":26,"href":"https:\/\/www.lhappyjazz.com\/index.php?rest_route=\/wp\/v2\/pages\/17\/revisions"}],"predecessor-version":[{"id":3889,"href":"https:\/\/www.lhappyjazz.com\/index.php?rest_route=\/wp\/v2\/pages\/17\/revisions\/3889"}],"wp:attachment":[{"href":"https:\/\/www.lhappyjazz.com\/index.php?rest_route=%2Fwp%2Fv2%2Fmedia&parent=17"}],"curies":[{"name":"wp","href":"https:\/\/api.w.org\/{rel}","templated":true}]}}