{"id":166,"date":"2013-07-25T18:42:06","date_gmt":"2013-07-25T17:42:06","guid":{"rendered":"http:\/\/www.lhappyjazz.com\/?page_id=166"},"modified":"2020-05-23T22:17:30","modified_gmt":"2020-05-23T21:17:30","slug":"newsletter","status":"publish","type":"page","link":"https:\/\/www.lhappyjazz.com\/?page_id=166","title":{"rendered":"Newsletter"},"content":{"rendered":"<p><!-- Begin MailChimp Signup Form --><\/p>\n<div id=\"mc_embed_signup\">\n<form id=\"mc-embedded-subscribe-form\" class=\"validate\" action=\"\/\/lhappyjazz.us7.list-manage.com\/subscribe\/post?u=e7a8b79dc0cf0288983096296&amp;id=d2232c9377\" method=\"post\" name=\"mc-embedded-subscribe-form\" novalidate=\"\" target=\"_blank\">\n<div id=\"mc_embed_signup_scroll\"><span style=\"color: #ffffff;\">Abonnez-vous \u00e0 la Newsletter de l&rsquo;Happy Jazz<\/span><br \/>\n<span style=\"color: #ffffff;\">Vous recevrez un \u00e0 deux mails par mois<\/span><br \/>\n<span style=\"color: #ffffff;\">Vous pouvez vous d\u00e9sabonner \u00e0 tout moment<\/span><\/p>\n<div class=\"indicates-required\"><span class=\"asterisk\">*<\/span><span style=\"color: #ff8f00;\">Champ obligatoire<\/span><\/div>\n<p>&nbsp;<\/p>\n<div class=\"mc-field-group\"><label for=\"mce-EMAIL\"><span style=\"color: #ff8f00;\">Adresse e-mail<\/span> <span class=\"asterisk\">*<\/span><br \/>\n<input id=\"mce-EMAIL\" class=\"required email\" name=\"EMAIL\" type=\"email\" value=\"\"><\/label><\/div>\n<div class=\"mc-field-group\"><label for=\"mce-FNAME\"><span style=\"color: #ff8f00;\">Pr\u00e9nom<\/span> <\/label><br \/>\n<input id=\"mce-FNAME\" class=\"\" name=\"FNAME\" type=\"text\" value=\"\"><\/div>\n<div class=\"mc-field-group\"><label for=\"mce-LNAME\"><span style=\"color: #ff8f00;\">Nom<\/span> <\/label><br \/>\n<input id=\"mce-LNAME\" class=\"\" name=\"LNAME\" type=\"text\" value=\"\"><\/div>\n<div id=\"mce-responses\" class=\"clear\">&nbsp;<\/div>\n<p><!-- real people should not fill this in and expect good things - do not remove this or risk form bot signups--><\/p>\n<div style=\"position: absolute; left: -5000px;\"><input tabindex=\"-1\" name=\"b_e7a8b79dc0cf0288983096296_d2232c9377\" type=\"text\" value=\"\"><\/div>\n<div class=\"clear\"><input id=\"mc-embedded-subscribe\" class=\"button\" name=\"subscribe\" type=\"submit\" value=\"Valider\"><\/div>\n<\/div>\n<\/form>\n<\/div>\n<p><script src=\"\/\/s3.amazonaws.com\/downloads.mailchimp.com\/js\/mc-validate.js\" type=\"text\/javascript\"><\/script><script type=\"text\/javascript\">\/\/ <![CDATA[\n(function($) {window.fnames = new Array(); window.ftypes = new Array();fnames[0]='EMAIL';ftypes[0]='email';fnames[1]='FNAME';ftypes[1]='text';fnames[2]='LNAME';ftypes[2]='text'; \/*  * Translated default messages for the $ validation plugin.  * Locale: FR  *\/ $.extend($.validator.messages, {         required: \"Ce champ est requis.\",         remote: \"Veuillez remplir ce champ pour continuer.\",         email: \"Veuillez entrer une adresse email valide.\",         url: \"Veuillez entrer une URL valide.\",         date: \"Veuillez entrer une date valide.\",         dateISO: \"Veuillez entrer une date valide (ISO).\",         number: \"Veuillez entrer un nombre valide.\",         digits: \"Veuillez entrer (seulement) une valeur num\u00e9rique.\",         creditcard: \"Veuillez entrer un num\u00e9ro de carte de cr\u00e9dit valide.\",         equalTo: \"Veuillez entrer une nouvelle fois la m\u00eame valeur.\",         accept: \"Veuillez entrer une valeur avec une extension valide.\",         maxlength: $.validator.format(\"Veuillez ne pas entrer plus de {0} caract\u00e8res.\"),         minlength: $.validator.format(\"Veuillez entrer au moins {0} caract\u00e8res.\"),         rangelength: $.validator.format(\"Veuillez entrer entre {0} et {1} caract\u00e8res.\"),         range: $.validator.format(\"Veuillez entrer une valeur entre {0} et {1}.\"),         max: $.validator.format(\"Veuillez entrer une valeur inf\u00e9rieure ou \u00e9gale \u00e0 {0}.\"),         min: $.validator.format(\"Veuillez entrer une valeur sup\u00e9rieure ou \u00e9gale \u00e0 {0}.\") });}(jQuery));var $mcj = jQuery.noConflict(true);<br \/>\n\/\/ ]]><\/script><br \/>\n<!--End mc_embed_signup--><\/p>\n","protected":false},"excerpt":{"rendered":"<p>Abonnez-vous \u00e0 la Newsletter de l&rsquo;Happy Jazz Vous recevrez un \u00e0 deux mails par mois Vous pouvez vous d\u00e9sabonner \u00e0 tout moment *Champ obligatoire &nbsp; Adresse e-mail * Pr\u00e9nom Nom &nbsp;<\/p>\n","protected":false},"author":2,"featured_media":0,"parent":0,"menu_order":48,"comment_status":"closed","ping_status":"open","template":"","meta":{"footnotes":""},"class_list":["post-166","page","type-page","status-publish","hentry"],"_links":{"self":[{"href":"https:\/\/www.lhappyjazz.com\/index.php?rest_route=\/wp\/v2\/pages\/166","targetHints":{"allow":["GET"]}}],"collection":[{"href":"https:\/\/www.lhappyjazz.com\/index.php?rest_route=\/wp\/v2\/pages"}],"about":[{"href":"https:\/\/www.lhappyjazz.com\/index.php?rest_route=\/wp\/v2\/types\/page"}],"author":[{"embeddable":true,"href":"https:\/\/www.lhappyjazz.com\/index.php?rest_route=\/wp\/v2\/users\/2"}],"replies":[{"embeddable":true,"href":"https:\/\/www.lhappyjazz.com\/index.php?rest_route=%2Fwp%2Fv2%2Fcomments&post=166"}],"version-history":[{"count":26,"href":"https:\/\/www.lhappyjazz.com\/index.php?rest_route=\/wp\/v2\/pages\/166\/revisions"}],"predecessor-version":[{"id":2516,"href":"https:\/\/www.lhappyjazz.com\/index.php?rest_route=\/wp\/v2\/pages\/166\/revisions\/2516"}],"wp:attachment":[{"href":"https:\/\/www.lhappyjazz.com\/index.php?rest_route=%2Fwp%2Fv2%2Fmedia&parent=166"}],"curies":[{"name":"wp","href":"https:\/\/api.w.org\/{rel}","templated":true}]}}